{"id":2601,"date":"2021-03-10T09:54:41","date_gmt":"2021-03-10T08:54:41","guid":{"rendered":"https:\/\/www.elleditech.com\/?page_id=2601"},"modified":"2021-04-20T11:00:56","modified_gmt":"2021-04-20T09:00:56","slug":"privacy-policy","status":"publish","type":"page","link":"https:\/\/www.elleditech.com\/it\/privacy-policy\/","title":{"rendered":"Privacy Policy"},"content":{"rendered":"\t\t<div data-elementor-type=\"wp-page\" data-elementor-id=\"2601\" class=\"elementor elementor-2601\" data-elementor-post-type=\"page\">\n\t\t\t\t\t\t<section class=\"elementor-section elementor-top-section elementor-element elementor-element-a0c5930 elementor-section-boxed elementor-section-height-default elementor-section-height-default\" data-id=\"a0c5930\" data-element_type=\"section\" data-e-type=\"section\" data-settings=\"{&quot;background_background&quot;:&quot;classic&quot;}\">\n\t\t\t\t\t\t<div class=\"elementor-container elementor-column-gap-no\">\n\t\t\t\t\t<div class=\"elementor-column elementor-col-100 elementor-top-column elementor-element elementor-element-3342609\" data-id=\"3342609\" data-element_type=\"column\" data-e-type=\"column\" data-settings=\"{&quot;background_background&quot;:&quot;classic&quot;}\">\n\t\t\t<div class=\"elementor-widget-wrap elementor-element-populated\">\n\t\t\t\t\t\t<section class=\"elementor-section elementor-inner-section elementor-element elementor-element-87f9706 elementor-section-boxed elementor-section-height-default elementor-section-height-default\" data-id=\"87f9706\" data-element_type=\"section\" data-e-type=\"section\">\n\t\t\t\t\t\t<div class=\"elementor-container elementor-column-gap-default\">\n\t\t\t\t\t<div class=\"elementor-column elementor-col-100 elementor-inner-column elementor-element elementor-element-200b1312\" data-id=\"200b1312\" data-element_type=\"column\" data-e-type=\"column\">\n\t\t\t<div class=\"elementor-widget-wrap elementor-element-populated\">\n\t\t\t\t\t\t<div class=\"elementor-element elementor-element-15913c3 elementor-widget elementor-widget-heading\" data-id=\"15913c3\" data-element_type=\"widget\" data-e-type=\"widget\" data-widget_type=\"heading.default\">\n\t\t\t\t<div class=\"elementor-widget-container\">\n\t\t\t\t\t<h2 class=\"elementor-heading-title elementor-size-default\">PRIVACY POLICY<\/h2>\t\t\t\t<\/div>\n\t\t\t\t<\/div>\n\t\t\t\t<div class=\"elementor-element elementor-element-826bbd5 elementor-widget elementor-widget-text-editor\" data-id=\"826bbd5\" data-element_type=\"widget\" data-e-type=\"widget\" data-widget_type=\"text-editor.default\">\n\t\t\t\t<div class=\"elementor-widget-container\">\n\t\t\t\t\t\t\t\t\t<p>MODELLO DI CONSENSO INFORMATO<\/p>\t\t\t\t\t\t\t\t<\/div>\n\t\t\t\t<\/div>\n\t\t\t\t<div class=\"elementor-element elementor-element-4b0eb74 elementor-widget elementor-widget-text-editor\" data-id=\"4b0eb74\" data-element_type=\"widget\" data-e-type=\"widget\" data-widget_type=\"text-editor.default\">\n\t\t\t\t<div class=\"elementor-widget-container\">\n\t\t\t\t\t\t\t\t\t<p>Conformemente a quanto previsto dall\u2019art. 13 del Regolamento (UE) 2016\/679, la nostra Societ\u00e0 Elledi snc, Via Brenta 2\/A, 36010, Carr\u00e8, Titolare del trattamento, informa che il trattamento dei dati personali, compreso l\u2019indirizzo di posta elettronica, altri indirizzi o identificativi personali forniti mediante la compilazione dei moduli presenti nel proprio sito internet, verr\u00e0 effettuato per le finalit\u00e0 ed alle condizioni di seguito previste.<\/p>\t\t\t\t\t\t\t\t<\/div>\n\t\t\t\t<\/div>\n\t\t\t\t<div class=\"elementor-element elementor-element-87570c0 elementor-widget elementor-widget-heading\" data-id=\"87570c0\" data-element_type=\"widget\" data-e-type=\"widget\" data-widget_type=\"heading.default\">\n\t\t\t\t<div class=\"elementor-widget-container\">\n\t\t\t\t\t<h2 class=\"elementor-heading-title elementor-size-default\">Natura dei dati trattati e finalit\u00e0 del trattamento<\/h2>\t\t\t\t<\/div>\n\t\t\t\t<\/div>\n\t\t\t\t<div class=\"elementor-element elementor-element-1ccb04e elementor-widget elementor-widget-text-editor\" data-id=\"1ccb04e\" data-element_type=\"widget\" data-e-type=\"widget\" data-widget_type=\"text-editor.default\">\n\t\t\t\t<div class=\"elementor-widget-container\">\n\t\t\t\t\t\t\t\t\t<p>La nostra Societ\u00e0 Elledi snc, Via Brenta 2\/A, 36010 Carr\u00e8, acquisir\u00e0 e tratter\u00e0 unicamente dati anagrafici e di contatto; in nessun caso tratter\u00e0 dati definibili, ai sensi dell\u2019art. 9 del Regolamento 679, come \u201cparticolari\u201d.<br \/>I dati personali forniti a Elledi snc, Via Brenta 2\/A, 36010, Carr\u00e8, verranno da questa trattati per il perseguimento delle seguenti finalit\u00e0:<br \/><strong>a)<\/strong> per dar seguito alle specifiche richieste comunicate a Elledi snc, Via Brenta 2\/A, 36010 Carr\u00e8, per il tramite del suo sito internet;<br \/><strong>b)<\/strong> per comunicazioni di natura commerciale, pubblicitaria ed illustrativa dei prodotti e servizi della stessa societ\u00e0.<\/p>\t\t\t\t\t\t\t\t<\/div>\n\t\t\t\t<\/div>\n\t\t\t\t<div class=\"elementor-element elementor-element-05dc128 elementor-widget elementor-widget-heading\" data-id=\"05dc128\" data-element_type=\"widget\" data-e-type=\"widget\" data-widget_type=\"heading.default\">\n\t\t\t\t<div class=\"elementor-widget-container\">\n\t\t\t\t\t<h2 class=\"elementor-heading-title elementor-size-default\">Necessit\u00e0 del conferimento dei dati<\/h2>\t\t\t\t<\/div>\n\t\t\t\t<\/div>\n\t\t\t\t<div class=\"elementor-element elementor-element-cc7a1b6 elementor-widget elementor-widget-text-editor\" data-id=\"cc7a1b6\" data-element_type=\"widget\" data-e-type=\"widget\" data-widget_type=\"text-editor.default\">\n\t\t\t\t<div class=\"elementor-widget-container\">\n\t\t\t\t\t\t\t\t\t<p>Il conferimento dei dati \u00e8 necessario per poter consentirci di dare esecuzione alle richieste dell\u2019utente. Esso \u00e8, invece, facoltativo per le attivit\u00e0 promozionali e di marketing. L\u2019eventuale rifiuto a fornire, in tutto o in parte, i dati personali in oggetto potrebbe comportare l\u2019impossibilit\u00e0 di dare seguito alla richiesta dell\u2019interessato, ed impedirebbe, comunque, lo svolgimento delle attivit\u00e0 promozionali e di marketing.<\/p>\t\t\t\t\t\t\t\t<\/div>\n\t\t\t\t<\/div>\n\t\t\t\t<div class=\"elementor-element elementor-element-4c2ef9d elementor-widget elementor-widget-heading\" data-id=\"4c2ef9d\" data-element_type=\"widget\" data-e-type=\"widget\" data-widget_type=\"heading.default\">\n\t\t\t\t<div class=\"elementor-widget-container\">\n\t\t\t\t\t<h2 class=\"elementor-heading-title elementor-size-default\">Modalit\u00e0 del trattamento dei dati<\/h2>\t\t\t\t<\/div>\n\t\t\t\t<\/div>\n\t\t\t\t<div class=\"elementor-element elementor-element-d08fbcb elementor-widget elementor-widget-text-editor\" data-id=\"d08fbcb\" data-element_type=\"widget\" data-e-type=\"widget\" data-widget_type=\"text-editor.default\">\n\t\t\t\t<div class=\"elementor-widget-container\">\n\t\t\t\t\t\t\t\t\t<p>I dati sono organizzati in archivi cartacei ed in banche dati elettroniche; il trattamento degli stessi avviene mediante l\u2019utilizzo di strumenti manuali, informatici, telematici e procedure idonee a garantirne la sicurezza e la riservatezza, nel rispetto comunque delle misure di sicurezza ritenute adeguate in forza dei principi del GDPR (art. 32).<\/p>\t\t\t\t\t\t\t\t<\/div>\n\t\t\t\t<\/div>\n\t\t\t\t<div class=\"elementor-element elementor-element-9f91ffd elementor-widget elementor-widget-heading\" data-id=\"9f91ffd\" data-element_type=\"widget\" data-e-type=\"widget\" data-widget_type=\"heading.default\">\n\t\t\t\t<div class=\"elementor-widget-container\">\n\t\t\t\t\t<h2 class=\"elementor-heading-title elementor-size-default\">Ambito di conoscenza dei dati<\/h2>\t\t\t\t<\/div>\n\t\t\t\t<\/div>\n\t\t\t\t<div class=\"elementor-element elementor-element-b726e25 elementor-widget elementor-widget-text-editor\" data-id=\"b726e25\" data-element_type=\"widget\" data-e-type=\"widget\" data-widget_type=\"text-editor.default\">\n\t\t\t\t<div class=\"elementor-widget-container\">\n\t\t\t\t\t\t\t\t\t<p>I dati possono essere conosciuti dal personale di Elledi snc, Via Brenta 2\/A, 36010 Carr\u00e8, ed in particolare, verr\u00e0 a conoscenza dei dati il personale addetto all\u2019area commerciale\/amministrativa.<\/p>\t\t\t\t\t\t\t\t<\/div>\n\t\t\t\t<\/div>\n\t\t\t\t<div class=\"elementor-element elementor-element-00b23ad elementor-widget elementor-widget-heading\" data-id=\"00b23ad\" data-element_type=\"widget\" data-e-type=\"widget\" data-widget_type=\"heading.default\">\n\t\t\t\t<div class=\"elementor-widget-container\">\n\t\t\t\t\t<h2 class=\"elementor-heading-title elementor-size-default\">Comunicazione e diffusione dei dati<\/h2>\t\t\t\t<\/div>\n\t\t\t\t<\/div>\n\t\t\t\t<div class=\"elementor-element elementor-element-4633bbf elementor-widget elementor-widget-text-editor\" data-id=\"4633bbf\" data-element_type=\"widget\" data-e-type=\"widget\" data-widget_type=\"text-editor.default\">\n\t\t\t\t<div class=\"elementor-widget-container\">\n\t\t\t\t\t\t\t\t\t<p>I dati potranno essere comunicati da Elledi snc, Via Brenta 2\/A, 36010 Carr\u00e8,\u00a0 a soggetti esterni, fra i quali:<br \/>professionisti vari, fra cui professionisti di studi legali, per la tutela dei diritti nascenti dai rapporti contratti;<br \/>societ\u00e0 esterne di gestione del marketing, incaricate dalla societ\u00e0. In nessun caso i dati saranno oggetto di diffusione.<\/p>\t\t\t\t\t\t\t\t<\/div>\n\t\t\t\t<\/div>\n\t\t\t\t<div class=\"elementor-element elementor-element-a490383 elementor-widget elementor-widget-heading\" data-id=\"a490383\" data-element_type=\"widget\" data-e-type=\"widget\" data-widget_type=\"heading.default\">\n\t\t\t\t<div class=\"elementor-widget-container\">\n\t\t\t\t\t<h2 class=\"elementor-heading-title elementor-size-default\">Titolare del trattamento e responsabile<\/h2>\t\t\t\t<\/div>\n\t\t\t\t<\/div>\n\t\t\t\t<div class=\"elementor-element elementor-element-a18dc03 elementor-widget elementor-widget-text-editor\" data-id=\"a18dc03\" data-element_type=\"widget\" data-e-type=\"widget\" data-widget_type=\"text-editor.default\">\n\t\t\t\t<div class=\"elementor-widget-container\">\n\t\t\t\t\t\t\t\t\t<p>Titolare del trattamento \u00e8 Elledi snc via Brenta, 2\/A, 36010 Carr\u00e8 VI<br \/>Esercizio dei diritti di cui agli art. 15-22 del Regolamento UE 2016\/679.<br \/>In ogni momento, potrete esercitare i diritti in capo all\u2019interessato previsti dal GDPR, inviando una e-mail a: <a class=\"\" href=\"mailto:info@elleditech.com\">info@elleditech.com<\/a><\/p>\t\t\t\t\t\t\t\t<\/div>\n\t\t\t\t<\/div>\n\t\t\t\t<div class=\"elementor-element elementor-element-5a3eb8f elementor-widget elementor-widget-text-editor\" data-id=\"5a3eb8f\" data-element_type=\"widget\" data-e-type=\"widget\" data-widget_type=\"text-editor.default\">\n\t\t\t\t<div class=\"elementor-widget-container\">\n\t\t\t\t\t\t\t\t\t<p>Acquisite le informazioni fornite da Elledi snc, ai sensi dell\u2019articolo 13 del GDPR, l\u2019utente \u2013 dichiarando di essere maggiorenne o di avere almeno 16 anni &#8211; presta il proprio consenso per l\u2019inserimento dei dati personali nell\u2019archivio elettronico ai fini dalla newsletter (o altro servizio o richiesta) ed il conseguente trattamento dei propri dati personali per le finalit\u00e0 connesse<\/p>\t\t\t\t\t\t\t\t<\/div>\n\t\t\t\t<\/div>\n\t\t\t\t\t<\/div>\n\t\t<\/div>\n\t\t\t\t\t<\/div>\n\t\t<\/section>\n\t\t\t\t<section class=\"elementor-section elementor-inner-section elementor-element elementor-element-a86b4a0 elementor-section-boxed elementor-section-height-default elementor-section-height-default\" data-id=\"a86b4a0\" data-element_type=\"section\" data-e-type=\"section\">\n\t\t\t\t\t\t<div class=\"elementor-container elementor-column-gap-default\">\n\t\t\t\t\t<div class=\"elementor-column elementor-col-50 elementor-inner-column elementor-element elementor-element-a4f29c3\" data-id=\"a4f29c3\" data-element_type=\"column\" data-e-type=\"column\">\n\t\t\t<div class=\"elementor-widget-wrap elementor-element-populated\">\n\t\t\t\t\t\t<div class=\"elementor-element elementor-element-0bc89f1 elementor-icon-list--layout-traditional elementor-list-item-link-full_width elementor-widget elementor-widget-icon-list\" data-id=\"0bc89f1\" data-element_type=\"widget\" data-e-type=\"widget\" data-widget_type=\"icon-list.default\">\n\t\t\t\t<div class=\"elementor-widget-container\">\n\t\t\t\t\t\t\t<ul class=\"elementor-icon-list-items\">\n\t\t\t\t\t\t\t<li class=\"elementor-icon-list-item\">\n\t\t\t\t\t\t\t\t\t\t\t<span class=\"elementor-icon-list-icon\">\n\t\t\t\t\t\t\t<i aria-hidden=\"true\" class=\"far fa-square\"><\/i>\t\t\t\t\t\t<\/span>\n\t\t\t\t\t\t\t\t\t\t<span class=\"elementor-icon-list-text\">Do il consenso<\/span>\n\t\t\t\t\t\t\t\t\t<\/li>\n\t\t\t\t\t\t<\/ul>\n\t\t\t\t\t\t<\/div>\n\t\t\t\t<\/div>\n\t\t\t\t\t<\/div>\n\t\t<\/div>\n\t\t\t\t<div class=\"elementor-column elementor-col-50 elementor-inner-column elementor-element elementor-element-46a4009\" data-id=\"46a4009\" data-element_type=\"column\" data-e-type=\"column\">\n\t\t\t<div class=\"elementor-widget-wrap elementor-element-populated\">\n\t\t\t\t\t\t<div class=\"elementor-element elementor-element-b5e52d3 elementor-icon-list--layout-traditional elementor-list-item-link-full_width elementor-widget elementor-widget-icon-list\" data-id=\"b5e52d3\" data-element_type=\"widget\" data-e-type=\"widget\" data-widget_type=\"icon-list.default\">\n\t\t\t\t<div class=\"elementor-widget-container\">\n\t\t\t\t\t\t\t<ul class=\"elementor-icon-list-items\">\n\t\t\t\t\t\t\t<li class=\"elementor-icon-list-item\">\n\t\t\t\t\t\t\t\t\t\t\t<span class=\"elementor-icon-list-icon\">\n\t\t\t\t\t\t\t<i aria-hidden=\"true\" class=\"far fa-square\"><\/i>\t\t\t\t\t\t<\/span>\n\t\t\t\t\t\t\t\t\t\t<span class=\"elementor-icon-list-text\">Nego il consenso<\/span>\n\t\t\t\t\t\t\t\t\t<\/li>\n\t\t\t\t\t\t<\/ul>\n\t\t\t\t\t\t<\/div>\n\t\t\t\t<\/div>\n\t\t\t\t\t<\/div>\n\t\t<\/div>\n\t\t\t\t\t<\/div>\n\t\t<\/section>\n\t\t\t\t<section class=\"elementor-section elementor-inner-section elementor-element elementor-element-bd370ee elementor-section-boxed elementor-section-height-default elementor-section-height-default\" data-id=\"bd370ee\" data-element_type=\"section\" data-e-type=\"section\">\n\t\t\t\t\t\t<div class=\"elementor-container elementor-column-gap-default\">\n\t\t\t\t\t<div class=\"elementor-column elementor-col-100 elementor-inner-column elementor-element elementor-element-519ea8f\" data-id=\"519ea8f\" data-element_type=\"column\" data-e-type=\"column\">\n\t\t\t<div class=\"elementor-widget-wrap elementor-element-populated\">\n\t\t\t\t\t\t<div class=\"elementor-element elementor-element-9ac48c9 elementor-widget elementor-widget-text-editor\" data-id=\"9ac48c9\" data-element_type=\"widget\" data-e-type=\"widget\" data-widget_type=\"text-editor.default\">\n\t\t\t\t<div class=\"elementor-widget-container\">\n\t\t\t\t\t\t\t\t\t<p>Presta il proprio consenso per l\u2019inserimento dei propri dati personali nell\u2019archivio elettronico ai fini di marketing, comunicazioni commerciali e pubblicitarie dei propri prodotti o servizi.<\/p>\t\t\t\t\t\t\t\t<\/div>\n\t\t\t\t<\/div>\n\t\t\t\t\t<\/div>\n\t\t<\/div>\n\t\t\t\t\t<\/div>\n\t\t<\/section>\n\t\t\t\t<section class=\"elementor-section elementor-inner-section elementor-element elementor-element-65696e3 elementor-section-boxed elementor-section-height-default elementor-section-height-default\" data-id=\"65696e3\" data-element_type=\"section\" data-e-type=\"section\">\n\t\t\t\t\t\t<div class=\"elementor-container elementor-column-gap-default\">\n\t\t\t\t\t<div class=\"elementor-column elementor-col-50 elementor-inner-column elementor-element elementor-element-ab9756d\" data-id=\"ab9756d\" data-element_type=\"column\" data-e-type=\"column\">\n\t\t\t<div class=\"elementor-widget-wrap elementor-element-populated\">\n\t\t\t\t\t\t<div class=\"elementor-element elementor-element-70356fe elementor-icon-list--layout-traditional elementor-list-item-link-full_width elementor-widget elementor-widget-icon-list\" data-id=\"70356fe\" data-element_type=\"widget\" data-e-type=\"widget\" data-widget_type=\"icon-list.default\">\n\t\t\t\t<div class=\"elementor-widget-container\">\n\t\t\t\t\t\t\t<ul class=\"elementor-icon-list-items\">\n\t\t\t\t\t\t\t<li class=\"elementor-icon-list-item\">\n\t\t\t\t\t\t\t\t\t\t\t<span class=\"elementor-icon-list-icon\">\n\t\t\t\t\t\t\t<i aria-hidden=\"true\" class=\"far fa-square\"><\/i>\t\t\t\t\t\t<\/span>\n\t\t\t\t\t\t\t\t\t\t<span class=\"elementor-icon-list-text\">Do il consenso<\/span>\n\t\t\t\t\t\t\t\t\t<\/li>\n\t\t\t\t\t\t<\/ul>\n\t\t\t\t\t\t<\/div>\n\t\t\t\t<\/div>\n\t\t\t\t\t<\/div>\n\t\t<\/div>\n\t\t\t\t<div class=\"elementor-column elementor-col-50 elementor-inner-column elementor-element elementor-element-42d6cc0\" data-id=\"42d6cc0\" data-element_type=\"column\" data-e-type=\"column\">\n\t\t\t<div class=\"elementor-widget-wrap elementor-element-populated\">\n\t\t\t\t\t\t<div class=\"elementor-element elementor-element-86a6e05 elementor-icon-list--layout-traditional elementor-list-item-link-full_width elementor-widget elementor-widget-icon-list\" data-id=\"86a6e05\" data-element_type=\"widget\" data-e-type=\"widget\" data-widget_type=\"icon-list.default\">\n\t\t\t\t<div class=\"elementor-widget-container\">\n\t\t\t\t\t\t\t<ul class=\"elementor-icon-list-items\">\n\t\t\t\t\t\t\t<li class=\"elementor-icon-list-item\">\n\t\t\t\t\t\t\t\t\t\t\t<span class=\"elementor-icon-list-icon\">\n\t\t\t\t\t\t\t<i aria-hidden=\"true\" class=\"far fa-square\"><\/i>\t\t\t\t\t\t<\/span>\n\t\t\t\t\t\t\t\t\t\t<span class=\"elementor-icon-list-text\">Nego il consenso<\/span>\n\t\t\t\t\t\t\t\t\t<\/li>\n\t\t\t\t\t\t<\/ul>\n\t\t\t\t\t\t<\/div>\n\t\t\t\t<\/div>\n\t\t\t\t\t<\/div>\n\t\t<\/div>\n\t\t\t\t\t<\/div>\n\t\t<\/section>\n\t\t\t\t\t<\/div>\n\t\t<\/div>\n\t\t\t\t\t<\/div>\n\t\t<\/section>\n\t\t\t\t<\/div>\n\t\t","protected":false},"excerpt":{"rendered":"<p>PRIVACY POLICY MODELLO DI CONSENSO INFORMATO Conformemente a quanto previsto dall\u2019art. 13 del Regolamento (UE) 2016\/679, la nostra Societ\u00e0 Elledi snc, Via Brenta 2\/A, 36010, Carr\u00e8, Titolare del trattamento, informa che il trattamento dei dati personali, compreso l\u2019indirizzo di posta elettronica, altri indirizzi o identificativi personali forniti mediante la compilazione dei moduli presenti nel proprio &#8230; <a title=\"Privacy Policy\" class=\"read-more\" href=\"https:\/\/www.elleditech.com\/it\/privacy-policy\/\" aria-label=\"Per saperne di pi\u00f9 su Privacy Policy\">Leggi tutto<\/a><\/p>\n","protected":false},"author":1,"featured_media":0,"parent":0,"menu_order":0,"comment_status":"closed","ping_status":"closed","template":"elementor_header_footer","meta":{"footnotes":""},"class_list":["post-2601","page","type-page","status-publish"],"yoast_head":"<!-- This site is optimized with the Yoast SEO plugin v27.5 - https:\/\/yoast.com\/product\/yoast-seo-wordpress\/ -->\n<title>Contatti Elledi - Elledi Tech<\/title>\n<meta name=\"description\" content=\"Contatta Elledi, chiedi informazioni ed invia la tua richiesta, saremo lieti di trovare la giusta soluzione per le tue necessit\u00e0.\" \/>\n<meta name=\"robots\" content=\"index, follow, max-snippet:-1, max-image-preview:large, max-video-preview:-1\" \/>\n<link rel=\"canonical\" href=\"https:\/\/www.elleditech.com\/it\/privacy-policy\/\" \/>\n<meta property=\"og:locale\" content=\"it_IT\" \/>\n<meta property=\"og:type\" content=\"article\" \/>\n<meta property=\"og:title\" content=\"Contatti Elledi - Elledi Tech\" \/>\n<meta property=\"og:description\" content=\"Contatta Elledi, chiedi informazioni ed invia la tua richiesta, saremo lieti di trovare la giusta soluzione per le tue necessit\u00e0.\" \/>\n<meta property=\"og:url\" content=\"https:\/\/www.elleditech.com\/it\/privacy-policy\/\" \/>\n<meta property=\"og:site_name\" content=\"Elledi Tech\" \/>\n<meta property=\"article:modified_time\" content=\"2021-04-20T09:00:56+00:00\" \/>\n<meta name=\"twitter:card\" content=\"summary_large_image\" \/>\n<meta name=\"twitter:label1\" content=\"Tempo di lettura stimato\" \/>\n\t<meta name=\"twitter:data1\" content=\"3 minuti\" \/>\n<script type=\"application\/ld+json\" class=\"yoast-schema-graph\">{\"@context\":\"https:\\\/\\\/schema.org\",\"@graph\":[{\"@type\":\"WebPage\",\"@id\":\"https:\\\/\\\/www.elleditech.com\\\/it\\\/privacy-policy\\\/\",\"url\":\"https:\\\/\\\/www.elleditech.com\\\/it\\\/privacy-policy\\\/\",\"name\":\"Contatti Elledi - Elledi Tech\",\"isPartOf\":{\"@id\":\"https:\\\/\\\/www.elleditech.com\\\/it\\\/#website\"},\"datePublished\":\"2021-03-10T08:54:41+00:00\",\"dateModified\":\"2021-04-20T09:00:56+00:00\",\"description\":\"Contatta Elledi, chiedi informazioni ed invia la tua richiesta, saremo lieti di trovare la giusta soluzione per le tue necessit\u00e0.\",\"breadcrumb\":{\"@id\":\"https:\\\/\\\/www.elleditech.com\\\/it\\\/privacy-policy\\\/#breadcrumb\"},\"inLanguage\":\"it-IT\",\"potentialAction\":[{\"@type\":\"ReadAction\",\"target\":[\"https:\\\/\\\/www.elleditech.com\\\/it\\\/privacy-policy\\\/\"]}]},{\"@type\":\"BreadcrumbList\",\"@id\":\"https:\\\/\\\/www.elleditech.com\\\/it\\\/privacy-policy\\\/#breadcrumb\",\"itemListElement\":[{\"@type\":\"ListItem\",\"position\":1,\"name\":\"Home\",\"item\":\"https:\\\/\\\/www.elleditech.com\\\/it\\\/\"},{\"@type\":\"ListItem\",\"position\":2,\"name\":\"Privacy Policy\"}]},{\"@type\":\"WebSite\",\"@id\":\"https:\\\/\\\/www.elleditech.com\\\/it\\\/#website\",\"url\":\"https:\\\/\\\/www.elleditech.com\\\/it\\\/\",\"name\":\"Elledi Tech\",\"description\":\"Modelleria meccanica\",\"publisher\":{\"@id\":\"https:\\\/\\\/www.elleditech.com\\\/it\\\/#organization\"},\"potentialAction\":[{\"@type\":\"SearchAction\",\"target\":{\"@type\":\"EntryPoint\",\"urlTemplate\":\"https:\\\/\\\/www.elleditech.com\\\/it\\\/?s={search_term_string}\"},\"query-input\":{\"@type\":\"PropertyValueSpecification\",\"valueRequired\":true,\"valueName\":\"search_term_string\"}}],\"inLanguage\":\"it-IT\"},{\"@type\":\"Organization\",\"@id\":\"https:\\\/\\\/www.elleditech.com\\\/it\\\/#organization\",\"name\":\"Elledi s.n.c.\",\"url\":\"https:\\\/\\\/www.elleditech.com\\\/it\\\/\",\"logo\":{\"@type\":\"ImageObject\",\"inLanguage\":\"it-IT\",\"@id\":\"https:\\\/\\\/www.elleditech.com\\\/it\\\/#\\\/schema\\\/logo\\\/image\\\/\",\"url\":\"https:\\\/\\\/www.elleditech.com\\\/it\\\/wp-content\\\/uploads\\\/sites\\\/2\\\/2020\\\/12\\\/MODELLERIA-MECCANICA-ELLEDI-logo-mbl.png\",\"contentUrl\":\"https:\\\/\\\/www.elleditech.com\\\/it\\\/wp-content\\\/uploads\\\/sites\\\/2\\\/2020\\\/12\\\/MODELLERIA-MECCANICA-ELLEDI-logo-mbl.png\",\"width\":250,\"height\":97,\"caption\":\"Elledi s.n.c.\"},\"image\":{\"@id\":\"https:\\\/\\\/www.elleditech.com\\\/it\\\/#\\\/schema\\\/logo\\\/image\\\/\"}}]}<\/script>\n<!-- \/ Yoast SEO plugin. -->","yoast_head_json":{"title":"Contatti Elledi - Elledi Tech","description":"Contatta Elledi, chiedi informazioni ed invia la tua richiesta, saremo lieti di trovare la giusta soluzione per le tue necessit\u00e0.","robots":{"index":"index","follow":"follow","max-snippet":"max-snippet:-1","max-image-preview":"max-image-preview:large","max-video-preview":"max-video-preview:-1"},"canonical":"https:\/\/www.elleditech.com\/it\/privacy-policy\/","og_locale":"it_IT","og_type":"article","og_title":"Contatti Elledi - Elledi Tech","og_description":"Contatta Elledi, chiedi informazioni ed invia la tua richiesta, saremo lieti di trovare la giusta soluzione per le tue necessit\u00e0.","og_url":"https:\/\/www.elleditech.com\/it\/privacy-policy\/","og_site_name":"Elledi Tech","article_modified_time":"2021-04-20T09:00:56+00:00","twitter_card":"summary_large_image","twitter_misc":{"Tempo di lettura stimato":"3 minuti"},"schema":{"@context":"https:\/\/schema.org","@graph":[{"@type":"WebPage","@id":"https:\/\/www.elleditech.com\/it\/privacy-policy\/","url":"https:\/\/www.elleditech.com\/it\/privacy-policy\/","name":"Contatti Elledi - Elledi Tech","isPartOf":{"@id":"https:\/\/www.elleditech.com\/it\/#website"},"datePublished":"2021-03-10T08:54:41+00:00","dateModified":"2021-04-20T09:00:56+00:00","description":"Contatta Elledi, chiedi informazioni ed invia la tua richiesta, saremo lieti di trovare la giusta soluzione per le tue necessit\u00e0.","breadcrumb":{"@id":"https:\/\/www.elleditech.com\/it\/privacy-policy\/#breadcrumb"},"inLanguage":"it-IT","potentialAction":[{"@type":"ReadAction","target":["https:\/\/www.elleditech.com\/it\/privacy-policy\/"]}]},{"@type":"BreadcrumbList","@id":"https:\/\/www.elleditech.com\/it\/privacy-policy\/#breadcrumb","itemListElement":[{"@type":"ListItem","position":1,"name":"Home","item":"https:\/\/www.elleditech.com\/it\/"},{"@type":"ListItem","position":2,"name":"Privacy Policy"}]},{"@type":"WebSite","@id":"https:\/\/www.elleditech.com\/it\/#website","url":"https:\/\/www.elleditech.com\/it\/","name":"Elledi Tech","description":"Modelleria meccanica","publisher":{"@id":"https:\/\/www.elleditech.com\/it\/#organization"},"potentialAction":[{"@type":"SearchAction","target":{"@type":"EntryPoint","urlTemplate":"https:\/\/www.elleditech.com\/it\/?s={search_term_string}"},"query-input":{"@type":"PropertyValueSpecification","valueRequired":true,"valueName":"search_term_string"}}],"inLanguage":"it-IT"},{"@type":"Organization","@id":"https:\/\/www.elleditech.com\/it\/#organization","name":"Elledi s.n.c.","url":"https:\/\/www.elleditech.com\/it\/","logo":{"@type":"ImageObject","inLanguage":"it-IT","@id":"https:\/\/www.elleditech.com\/it\/#\/schema\/logo\/image\/","url":"https:\/\/www.elleditech.com\/it\/wp-content\/uploads\/sites\/2\/2020\/12\/MODELLERIA-MECCANICA-ELLEDI-logo-mbl.png","contentUrl":"https:\/\/www.elleditech.com\/it\/wp-content\/uploads\/sites\/2\/2020\/12\/MODELLERIA-MECCANICA-ELLEDI-logo-mbl.png","width":250,"height":97,"caption":"Elledi s.n.c."},"image":{"@id":"https:\/\/www.elleditech.com\/it\/#\/schema\/logo\/image\/"}}]}},"_links":{"self":[{"href":"https:\/\/www.elleditech.com\/it\/wp-json\/wp\/v2\/pages\/2601","targetHints":{"allow":["GET"]}}],"collection":[{"href":"https:\/\/www.elleditech.com\/it\/wp-json\/wp\/v2\/pages"}],"about":[{"href":"https:\/\/www.elleditech.com\/it\/wp-json\/wp\/v2\/types\/page"}],"author":[{"embeddable":true,"href":"https:\/\/www.elleditech.com\/it\/wp-json\/wp\/v2\/users\/1"}],"replies":[{"embeddable":true,"href":"https:\/\/www.elleditech.com\/it\/wp-json\/wp\/v2\/comments?post=2601"}],"version-history":[{"count":22,"href":"https:\/\/www.elleditech.com\/it\/wp-json\/wp\/v2\/pages\/2601\/revisions"}],"predecessor-version":[{"id":2821,"href":"https:\/\/www.elleditech.com\/it\/wp-json\/wp\/v2\/pages\/2601\/revisions\/2821"}],"wp:attachment":[{"href":"https:\/\/www.elleditech.com\/it\/wp-json\/wp\/v2\/media?parent=2601"}],"curies":[{"name":"wp","href":"https:\/\/api.w.org\/{rel}","templated":true}]}}